{"id":14031,"date":"2021-05-07T17:34:51","date_gmt":"2021-05-07T15:34:51","guid":{"rendered":"https:\/\/bowling-switzerland.ch\/new-modular-center\/"},"modified":"2024-02-07T16:49:43","modified_gmt":"2024-02-07T15:49:43","slug":"new-modular-center","status":"publish","type":"page","link":"https:\/\/bowling-switzerland.ch\/en\/new-modular-center\/","title":{"rendered":"New Modular Center"},"content":{"rendered":"\t\t<div data-elementor-type=\"wp-page\" data-elementor-id=\"14031\" class=\"elementor elementor-14031 elementor-10064\" data-elementor-post-type=\"page\">\n\t\t\t\t<div class=\"elementor-element elementor-element-9578f0f scroller animated-slow e-flex e-con-boxed elementor-invisible e-con e-parent\" data-id=\"9578f0f\" data-element_type=\"container\" data-settings=\"{&quot;background_background&quot;:&quot;classic&quot;,&quot;animation&quot;:&quot;fadeIn&quot;}\">\n\t\t\t\t\t<div class=\"e-con-inner\">\n\t\t\t\t<div class=\"elementor-element elementor-element-fce5b39 elementor-widget elementor-widget-text-editor\" data-id=\"fce5b39\" data-element_type=\"widget\" data-widget_type=\"text-editor.default\">\n\t\t\t\t<div class=\"elementor-widget-container\">\n\t\t\t\t\t\t\t\t\t<p>New Modular Center (N.M.C.): a concept summed up in three words: accessibility, visibility and user-friendliness.<\/p>\n\t\t\t\t\t\t\t\t<\/div>\n\t\t\t\t<\/div>\n\t\t<div class=\"elementor-element elementor-element-6a1471f e-con-full scroller e-flex e-con e-child\" data-id=\"6a1471f\" data-element_type=\"container\">\n\t\t\t\t<div class=\"elementor-element elementor-element-504fef6 elementor-widget elementor-widget-gallery\" data-id=\"504fef6\" data-element_type=\"widget\" data-settings=\"{&quot;aspect_ratio&quot;:&quot;1:1&quot;,&quot;lazyload&quot;:&quot;yes&quot;,&quot;gallery_layout&quot;:&quot;grid&quot;,&quot;columns&quot;:4,&quot;columns_tablet&quot;:2,&quot;columns_mobile&quot;:1,&quot;gap&quot;:{&quot;unit&quot;:&quot;px&quot;,&quot;size&quot;:10,&quot;sizes&quot;:[]},&quot;gap_widescreen&quot;:{&quot;unit&quot;:&quot;px&quot;,&quot;size&quot;:&quot;&quot;,&quot;sizes&quot;:[]},&quot;gap_laptop&quot;:{&quot;unit&quot;:&quot;px&quot;,&quot;size&quot;:10,&quot;sizes&quot;:[]},&quot;gap_tablet_extra&quot;:{&quot;unit&quot;:&quot;px&quot;,&quot;size&quot;:10,&quot;sizes&quot;:[]},&quot;gap_tablet&quot;:{&quot;unit&quot;:&quot;px&quot;,&quot;size&quot;:10,&quot;sizes&quot;:[]},&quot;gap_mobile_extra&quot;:{&quot;unit&quot;:&quot;px&quot;,&quot;size&quot;:10,&quot;sizes&quot;:[]},&quot;gap_mobile&quot;:{&quot;unit&quot;:&quot;px&quot;,&quot;size&quot;:10,&quot;sizes&quot;:[]},&quot;link_to&quot;:&quot;file&quot;,&quot;overlay_background&quot;:&quot;yes&quot;,&quot;content_hover_animation&quot;:&quot;fade-in&quot;}\" data-widget_type=\"gallery.default\">\n\t\t\t\t<div class=\"elementor-widget-container\">\n\t\t\t\t\t\t\t<div class=\"elementor-gallery__container\">\n\t\t\t\t\t\t\t<a class=\"e-gallery-item elementor-gallery-item elementor-animated-content\" href=\"https:\/\/bowling-switzerland.ch\/wp-content\/uploads\/nmc\/pl-00.gif\" data-elementor-open-lightbox=\"yes\" data-elementor-lightbox-slideshow=\"504fef6\" data-e-action-hash=\"#elementor-action%3Aaction%3Dlightbox%26settings%3DeyJpZCI6MTU5NTQsInVybCI6Imh0dHBzOlwvXC9ib3dsaW5nLXN3aXR6ZXJsYW5kLmNoXC93cC1jb250ZW50XC91cGxvYWRzXC9ubWNcL3BsLTAwLmdpZiIsInNsaWRlc2hvdyI6IjUwNGZlZjYifQ%3D%3D\">\n\t\t\t\t\t<div class=\"e-gallery-image elementor-gallery-item__image\" data-thumbnail=\"https:\/\/bowling-switzerland.ch\/wp-content\/uploads\/nmc\/pl-00.gif\" data-width=\"2048\" data-height=\"2048\" aria-label=\"\" role=\"img\" ><\/div>\n\t\t\t\t\t\t\t\t\t\t\t<div class=\"elementor-gallery-item__overlay\"><\/div>\n\t\t\t\t\t\t\t\t\t\t\t\t\t\t<\/a>\n\t\t\t\t\t\t\t<a class=\"e-gallery-item elementor-gallery-item elementor-animated-content\" href=\"https:\/\/bowling-switzerland.ch\/wp-content\/uploads\/nmc\/pl-01.gif\" data-elementor-open-lightbox=\"yes\" data-elementor-lightbox-slideshow=\"504fef6\" data-e-action-hash=\"#elementor-action%3Aaction%3Dlightbox%26settings%3DeyJpZCI6MTU5NTcsInVybCI6Imh0dHBzOlwvXC9ib3dsaW5nLXN3aXR6ZXJsYW5kLmNoXC93cC1jb250ZW50XC91cGxvYWRzXC9ubWNcL3BsLTAxLmdpZiIsInNsaWRlc2hvdyI6IjUwNGZlZjYifQ%3D%3D\">\n\t\t\t\t\t<div class=\"e-gallery-image elementor-gallery-item__image\" data-thumbnail=\"https:\/\/bowling-switzerland.ch\/wp-content\/uploads\/nmc\/pl-01.gif\" data-width=\"2048\" data-height=\"2048\" aria-label=\"\" role=\"img\" ><\/div>\n\t\t\t\t\t\t\t\t\t\t\t<div class=\"elementor-gallery-item__overlay\"><\/div>\n\t\t\t\t\t\t\t\t\t\t\t\t\t\t<\/a>\n\t\t\t\t\t\t\t<a class=\"e-gallery-item elementor-gallery-item elementor-animated-content\" href=\"https:\/\/bowling-switzerland.ch\/wp-content\/uploads\/nmc\/pl-02.gif\" data-elementor-open-lightbox=\"yes\" data-elementor-lightbox-slideshow=\"504fef6\" data-e-action-hash=\"#elementor-action%3Aaction%3Dlightbox%26settings%3DeyJpZCI6MTU5NjAsInVybCI6Imh0dHBzOlwvXC9ib3dsaW5nLXN3aXR6ZXJsYW5kLmNoXC93cC1jb250ZW50XC91cGxvYWRzXC9ubWNcL3BsLTAyLmdpZiIsInNsaWRlc2hvdyI6IjUwNGZlZjYifQ%3D%3D\">\n\t\t\t\t\t<div class=\"e-gallery-image elementor-gallery-item__image\" data-thumbnail=\"https:\/\/bowling-switzerland.ch\/wp-content\/uploads\/nmc\/pl-02.gif\" data-width=\"2048\" data-height=\"2048\" aria-label=\"\" role=\"img\" ><\/div>\n\t\t\t\t\t\t\t\t\t\t\t<div class=\"elementor-gallery-item__overlay\"><\/div>\n\t\t\t\t\t\t\t\t\t\t\t\t\t\t<\/a>\n\t\t\t\t\t\t\t<a class=\"e-gallery-item elementor-gallery-item elementor-animated-content\" href=\"https:\/\/bowling-switzerland.ch\/wp-content\/uploads\/nmc\/pl-03.gif\" data-elementor-open-lightbox=\"yes\" data-elementor-lightbox-slideshow=\"504fef6\" data-e-action-hash=\"#elementor-action%3Aaction%3Dlightbox%26settings%3DeyJpZCI6MTU5NjMsInVybCI6Imh0dHBzOlwvXC9ib3dsaW5nLXN3aXR6ZXJsYW5kLmNoXC93cC1jb250ZW50XC91cGxvYWRzXC9ubWNcL3BsLTAzLmdpZiIsInNsaWRlc2hvdyI6IjUwNGZlZjYifQ%3D%3D\">\n\t\t\t\t\t<div class=\"e-gallery-image elementor-gallery-item__image\" data-thumbnail=\"https:\/\/bowling-switzerland.ch\/wp-content\/uploads\/nmc\/pl-03.gif\" data-width=\"2048\" data-height=\"2048\" aria-label=\"\" role=\"img\" ><\/div>\n\t\t\t\t\t\t\t\t\t\t\t<div class=\"elementor-gallery-item__overlay\"><\/div>\n\t\t\t\t\t\t\t\t\t\t\t\t\t\t<\/a>\n\t\t\t\t\t<\/div>\n\t\t\t\t\t<\/div>\n\t\t\t\t<\/div>\n\t\t\t\t<\/div>\n\t\t\t\t\t<\/div>\n\t\t\t\t<\/div>\n\t\t<div class=\"elementor-element elementor-element-d6b1775 scroller animated-slow e-flex e-con-boxed elementor-invisible e-con e-parent\" data-id=\"d6b1775\" data-element_type=\"container\" data-settings=\"{&quot;animation&quot;:&quot;fadeIn&quot;}\">\n\t\t\t\t\t<div class=\"e-con-inner\">\n\t\t\t\t<div class=\"elementor-element elementor-element-d9dc91f elementor-widget elementor-widget-text-editor\" data-id=\"d9dc91f\" data-element_type=\"widget\" data-widget_type=\"text-editor.default\">\n\t\t\t\t<div class=\"elementor-widget-container\">\n\t\t\t\t\t\t\t\t\t<p>Bowling Switzerland Inc. propose un panel de services complet base sur le concept New Modular Center (N.M.C.), un concept se r\u00e9sumant en quatre mots: modernit\u00e9, accessibilit\u00e9, visibilit\u00e9 et convivialit\u00e9.<\/p>\n\t\t\t\t\t\t\t\t<\/div>\n\t\t\t\t<\/div>\n\t\t\t\t<div class=\"elementor-element elementor-element-cf71922 elementor-widget elementor-widget-text-editor\" data-id=\"cf71922\" data-element_type=\"widget\" data-widget_type=\"text-editor.default\">\n\t\t\t\t<div class=\"elementor-widget-container\">\n\t\t\t\t\t\t\t\t\t<p>\u00c0 l\u2019image de l\u2019\u00e9mergence des centres commerciaux et de leurs offres pl\u00e9thoriques qui deviennent de v\u00e9ritables p\u00f4les d\u2019attractions, le N.M.C. veut offrir un maximum de loisirs dans un m\u00eame lieu, facile d\u2019acc\u00e8s. Un nouveau concept qui pr\u00e9voit en bloc la construction, l\u2019am\u00e9nagement de grands centres de sport et de loisirs avec des affectations qui vont du bowling aux billards et jeux d\u2019arcade, en passant par le restaurant, la discoth\u00e8que et l\u2019h\u00f4tel.<\/p>\n\t\t\t\t\t\t\t\t<\/div>\n\t\t\t\t<\/div>\n\t\t<div class=\"elementor-element elementor-element-b072c80 e-flex e-con-boxed e-con e-child\" data-id=\"b072c80\" data-element_type=\"container\">\n\t\t\t\t\t<div class=\"e-con-inner\">\n\t\t\t\t<div class=\"elementor-element elementor-element-9df254d elementor-widget__width-initial elementor-widget elementor-widget-text-editor\" data-id=\"9df254d\" data-element_type=\"widget\" data-widget_type=\"text-editor.default\">\n\t\t\t\t<div class=\"elementor-widget-container\">\n\t\t\t\t\t\t\t\t\t<p>Dans la 2<sup>\u00e8me<\/sup> moiti\u00e9 du XX<sup>\u00e8me<\/sup> si\u00e8cle, les centres de bowling construits en Suisse et en Europe ont \u00e9t\u00e9 exclusivement tourn\u00e9s vers la pratique du bowling, c&#8217;est-\u00e0-dire que la majorit\u00e9 de l\u2019espace \u00e9tait d\u00e9di\u00e9e aux pistes, ne laissant que tr\u00e8s peu d\u2019espace pour d\u2019autres affectations. Ce mod\u00e8le dispara\u00eetra progressivement fin du si\u00e8cle dernier pour laisser la place \u00e0 des centres de loisirs plus spacieux ax\u00e9s, bien entendu, autour de la pratique du bowling mais plus encore\u2026billards, ping-pong, jeux vid\u00e9o, bars \/ snack, restaurant compl\u00e9teront peu \u00e0 peu l\u2019offre de loisirs.<\/p>\n\t\t\t\t\t\t\t\t<\/div>\n\t\t\t\t<\/div>\n\t\t\t\t<div class=\"elementor-element elementor-element-d3a3bef elementor-widget__width-initial elementor-widget elementor-widget-text-editor\" data-id=\"d3a3bef\" data-element_type=\"widget\" data-widget_type=\"text-editor.default\">\n\t\t\t\t<div class=\"elementor-widget-container\">\n\t\t\t\t\t\t\t\t\t<p>It was at this point that Bowling Switzerland Inc imagined what an NMC could be, in the image of the emergence of shopping malls and their plethora of offerings, which are becoming veritable magnets, <strong>The NMC aims to offer a maximum of conviviality, leisure and catering facilities in a single, easily accessible location&#8230; a place where life is good.<\/strong> integrating leisure and sports activities such as bowling, games, padle, squash, fitness, solarium, discotheque and hotel on a modular basis.<\/p>\n\t\t\t\t\t\t\t\t<\/div>\n\t\t\t\t<\/div>\n\t\t\t\t\t<\/div>\n\t\t\t\t<\/div>\n\t\t\t\t<div class=\"elementor-element elementor-element-37d9df9 elementor-widget elementor-widget-text-editor\" data-id=\"37d9df9\" data-element_type=\"widget\" data-widget_type=\"text-editor.default\">\n\t\t\t\t<div class=\"elementor-widget-container\">\n\t\t\t\t\t\t\t\t\t<p>The interior is designed in the style of a shopping mall, with a focus on consumer enjoyment through the layout and arrangement of the various leisure functions between floors.<\/p>\n\t\t\t\t\t\t\t\t<\/div>\n\t\t\t\t<\/div>\n\t\t<div class=\"elementor-element elementor-element-9e86ed5 e-flex e-con-boxed e-con e-child\" data-id=\"9e86ed5\" data-element_type=\"container\">\n\t\t\t\t\t<div class=\"e-con-inner\">\n\t\t\t\t<div class=\"elementor-element elementor-element-f88e309 elementor-widget__width-initial elementor-widget elementor-widget-text-editor\" data-id=\"f88e309\" data-element_type=\"widget\" data-widget_type=\"text-editor.default\">\n\t\t\t\t<div class=\"elementor-widget-container\">\n\t\t\t\t\t\t\t\t\t<p>When it comes to leisure, consumers tend to react in the same way as they do in shopping malls: they no longer want to shop in dark boxes. The building becomes an element of communication that must contribute to the consumer&#8217;s pleasure, and the NMC responds to this expectation with an architecture that offers space and light.<\/p>\n\t\t\t\t\t\t\t\t<\/div>\n\t\t\t\t<\/div>\n\t\t\t\t<div class=\"elementor-element elementor-element-29b2714 elementor-widget__width-initial elementor-widget elementor-widget-text-editor\" data-id=\"29b2714\" data-element_type=\"widget\" data-widget_type=\"text-editor.default\">\n\t\t\t\t<div class=\"elementor-widget-container\">\n\t\t\t\t\t\t\t\t\t<p>By way of example, one floor would house the <strong>bowling lanes, the billiards and arcade games area, the bar and its drinking area, the restaurant and other sports activities.<\/strong> Another floor would consist of two mezzanines, housing a discotheque, fitness area and terrace, joined by a walkway. The main advantage of the two mezzanines is that the customer has a constant link to the largest possible number of assignments: see and be seen!<\/p>\n\t\t\t\t\t\t\t\t<\/div>\n\t\t\t\t<\/div>\n\t\t\t\t\t<\/div>\n\t\t\t\t<\/div>\n\t\t\t\t\t<\/div>\n\t\t\t\t<\/div>\n\t\t<div class=\"elementor-element elementor-element-6ed6c90 scroller animated-slow e-flex e-con-boxed elementor-invisible e-con e-parent\" data-id=\"6ed6c90\" data-element_type=\"container\" id=\"CTA\" data-settings=\"{&quot;background_background&quot;:&quot;classic&quot;,&quot;animation&quot;:&quot;fadeIn&quot;}\">\n\t\t\t\t\t<div class=\"e-con-inner\">\n\t\t\t\t<div class=\"elementor-element elementor-element-5159d55 elementor-widget-laptop__width-initial elementor-widget elementor-widget-text-editor\" data-id=\"5159d55\" data-element_type=\"widget\" data-widget_type=\"text-editor.default\">\n\t\t\t\t<div class=\"elementor-widget-container\">\n\t\t\t\t\t\t\t\t\t<p>Are you a <strong>private individual<\/strong> interested in installing a bowling alley in your home? A <strong>company<\/strong> with a specific project? A <strong>hotel<\/strong> that wants to set up a leisure area for its guests?<br \/><strong>Contact us, we&#8217;ll be happy to advise you!<\/strong><\/p>\n\t\t\t\t\t\t\t\t<\/div>\n\t\t\t\t<\/div>\n\t\t\t\t\t<\/div>\n\t\t\t\t<\/div>\n\t\t\t\t<\/div>\n\t\t","protected":false},"excerpt":{"rendered":"<p>New Modular Center (N.M.C.): a concept summed up in three words: accessibility, visibility and user-friendliness. Bowling Switzerland Inc. propose un panel de services complet base sur le concept New Modular Center (N.M.C.), un concept se r\u00e9sumant en quatre mots: modernit\u00e9, accessibilit\u00e9, visibilit\u00e9 et convivialit\u00e9. \u00c0 l\u2019image de l\u2019\u00e9mergence des centres commerciaux et de leurs offres [&hellip;]<\/p>\n","protected":false},"author":11,"featured_media":0,"parent":0,"menu_order":0,"comment_status":"closed","ping_status":"closed","template":"","meta":{"_seopress_robots_primary_cat":"","_seopress_titles_title":"","_seopress_titles_desc":"","_seopress_robots_index":"","footnotes":"","_links_to":"","_links_to_target":""},"class_list":["post-14031","page","type-page","status-publish","hentry"],"_links":{"self":[{"href":"https:\/\/bowling-switzerland.ch\/en\/wp-json\/wp\/v2\/pages\/14031","targetHints":{"allow":["GET"]}}],"collection":[{"href":"https:\/\/bowling-switzerland.ch\/en\/wp-json\/wp\/v2\/pages"}],"about":[{"href":"https:\/\/bowling-switzerland.ch\/en\/wp-json\/wp\/v2\/types\/page"}],"author":[{"embeddable":true,"href":"https:\/\/bowling-switzerland.ch\/en\/wp-json\/wp\/v2\/users\/11"}],"replies":[{"embeddable":true,"href":"https:\/\/bowling-switzerland.ch\/en\/wp-json\/wp\/v2\/comments?post=14031"}],"version-history":[{"count":0,"href":"https:\/\/bowling-switzerland.ch\/en\/wp-json\/wp\/v2\/pages\/14031\/revisions"}],"wp:attachment":[{"href":"https:\/\/bowling-switzerland.ch\/en\/wp-json\/wp\/v2\/media?parent=14031"}],"curies":[{"name":"wp","href":"https:\/\/api.w.org\/{rel}","templated":true}]}}